{"id":80,"date":"2023-06-24T07:48:26","date_gmt":"2023-06-24T07:48:26","guid":{"rendered":"https:\/\/greengate2.h2615055.stratoserver.net\/?page_id=80"},"modified":"2024-01-06T20:11:11","modified_gmt":"2024-01-06T20:11:11","slug":"imprint","status":"publish","type":"page","link":"https:\/\/greengategenomics.com\/de\/imprint\/","title":{"rendered":"Imprint"},"content":{"rendered":"<div data-elementor-type=\"wp-page\" data-elementor-id=\"80\" class=\"elementor elementor-80\" data-elementor-post-type=\"page\">\n\t\t\t\t<div class=\"elementor-element elementor-element-8d6c9a4 e-flex e-con-boxed e-con e-parent\" data-id=\"8d6c9a4\" data-element_type=\"container\" data-e-type=\"container\" data-settings=\"{&quot;background_background&quot;:&quot;classic&quot;}\">\n\t\t\t\t\t<div class=\"e-con-inner\">\n\t\t\t\t<div class=\"elementor-element elementor-element-78c9fc8 elementor-widget elementor-widget-heading\" data-id=\"78c9fc8\" data-element_type=\"widget\" data-e-type=\"widget\" data-widget_type=\"heading.default\">\n\t\t\t\t<div class=\"elementor-widget-container\">\n\t\t\t\t\t<h2 class=\"elementor-heading-title elementor-size-default\"><span style=\"font-weight:300;font-size:36px;color:#009632;letter-spacing: 1px\">GREENGATE GENOMICS<\/span><br>\nIMPRINT<\/h2>\t\t\t\t<\/div>\n\t\t\t\t<\/div>\n\t\t\t\t\t<\/div>\n\t\t\t\t<\/div>\n\t\t<div class=\"elementor-element elementor-element-faee30c e-flex e-con-boxed e-con e-parent\" data-id=\"faee30c\" data-element_type=\"container\" data-e-type=\"container\">\n\t\t\t\t\t<div class=\"e-con-inner\">\n\t\t<div class=\"elementor-element elementor-element-0d720a6 e-con-full e-flex e-con e-child\" data-id=\"0d720a6\" data-element_type=\"container\" data-e-type=\"container\">\n\t\t\t\t<div class=\"elementor-element elementor-element-1a3d287 elementor-widget elementor-widget-heading\" data-id=\"1a3d287\" data-element_type=\"widget\" data-e-type=\"widget\" data-widget_type=\"heading.default\">\n\t\t\t\t<div class=\"elementor-widget-container\">\n\t\t\t\t\t<h2 class=\"elementor-heading-title elementor-size-default\">Imprint \/ ImPressum<\/h2>\t\t\t\t<\/div>\n\t\t\t\t<\/div>\n\t\t\t\t<div class=\"elementor-element elementor-element-914e24b elementor-widget elementor-widget-text-editor\" data-id=\"914e24b\" data-element_type=\"widget\" data-e-type=\"widget\" data-widget_type=\"text-editor.default\">\n\t\t\t\t<div class=\"elementor-widget-container\">\n\t\t\t\t\t\t\t\t\t<p>GreenGate Genomics GmbH<br \/>Telegrafenberg 71A<br \/>14473 Potsdam<br \/>GERMANY<\/p><p>Register court\/Amtsgericht: Potsdam<br \/>HR-Number\/HR-Nummer: HRB 38444 P<\/p><p>CEO\/Gesch\u00e4ftsf\u00fchrer: Dr. Alexander Bartholom\u00e4us<\/p><p>Email: info@greengategenomics.com<br \/>Phone: +49 331\u00a06264-28959<\/p><p>\u00a0<\/p><p>Responsible for content under \u00a7 55 Abs. 2 Interstate Broadcasting Agreement (RStV): Dr. Alexander Bartholom\u00e4us<\/p><p>\u00a0<\/p>\t\t\t\t\t\t\t\t<\/div>\n\t\t\t\t<\/div>\n\t\t\t\t<\/div>\n\t\t\t\t\t<\/div>\n\t\t\t\t<\/div>\n\t\t<div class=\"elementor-element elementor-element-0a01fa4 e-flex e-con-boxed e-con e-parent\" data-id=\"0a01fa4\" data-element_type=\"container\" data-e-type=\"container\" data-settings=\"{&quot;background_background&quot;:&quot;classic&quot;}\">\n\t\t\t\t\t<div class=\"e-con-inner\">\n\t\t\t\t<div class=\"elementor-element elementor-element-5dfcf04 elementor-widget elementor-widget-heading\" data-id=\"5dfcf04\" data-element_type=\"widget\" data-e-type=\"widget\" data-widget_type=\"heading.default\">\n\t\t\t\t<div class=\"elementor-widget-container\">\n\t\t\t\t\t<h2 class=\"elementor-heading-title elementor-size-default\">Hol dir ein Angebot f\u00fcr dein Projekt<\/h2>\t\t\t\t<\/div>\n\t\t\t\t<\/div>\n\t\t\t\t<div class=\"elementor-element elementor-element-5ca9b24 elementor-align-center elementor-widget elementor-widget-button\" data-id=\"5ca9b24\" data-element_type=\"widget\" data-e-type=\"widget\" data-widget_type=\"button.default\">\n\t\t\t\t<div class=\"elementor-widget-container\">\n\t\t\t\t\t\t\t\t\t<div class=\"elementor-button-wrapper\">\n\t\t\t\t\t<a class=\"elementor-button elementor-button-link elementor-size-xs elementor-animation-float\" href=\"https:\/\/test.greengategenomics.com\/contact\/\">\n\t\t\t\t\t\t<span class=\"elementor-button-content-wrapper\">\n\t\t\t\t\t\t\t\t\t<span class=\"elementor-button-text\">Hier geht es los<\/span>\n\t\t\t\t\t<\/span>\n\t\t\t\t\t<\/a>\n\t\t\t\t<\/div>\n\t\t\t\t\t\t\t\t<\/div>\n\t\t\t\t<\/div>\n\t\t\t\t\t<\/div>\n\t\t\t\t<\/div>\n\t\t\t\t<\/div>","protected":false},"excerpt":{"rendered":"<p>GREENGATE GENOMICS IMPRINT Imprint \/ ImPressum GreenGate Genomics GmbHTelegrafenberg 71A14473 PotsdamGERMANY Register court\/Amtsgericht: PotsdamHR-Number\/HR-Nummer: HRB 38444 P CEO\/Gesch\u00e4ftsf\u00fchrer: Dr. Alexander Bartholom\u00e4us Email: info@greengategenomics.comPhone: +49 331\u00a06264-28959 \u00a0 Responsible for content under \u00a7 55 Abs. 2 Interstate Broadcasting Agreement (RStV): Dr. Alexander Bartholom\u00e4us \u00a0 get a quote for your project Click here<\/p>","protected":false},"author":1,"featured_media":0,"parent":0,"menu_order":0,"comment_status":"closed","ping_status":"closed","template":"","meta":{"footnotes":""},"class_list":["post-80","page","type-page","status-publish","hentry"],"yoast_head":"<!-- This site is optimized with the Yoast SEO plugin v27.4 - https:\/\/yoast.com\/product\/yoast-seo-wordpress\/ -->\n<title>Imprint - GreenGate Genomics<\/title>\n<meta name=\"robots\" content=\"index, follow, max-snippet:-1, max-image-preview:large, max-video-preview:-1\" \/>\n<link rel=\"canonical\" href=\"https:\/\/greengategenomics.com\/de\/imprint\/\" \/>\n<meta property=\"og:locale\" content=\"de_DE\" \/>\n<meta property=\"og:type\" content=\"article\" \/>\n<meta property=\"og:title\" content=\"Imprint - GreenGate Genomics\" \/>\n<meta property=\"og:description\" content=\"GREENGATE GENOMICS IMPRINT Imprint \/ ImPressum GreenGate Genomics GmbHTelegrafenberg 71A14473 PotsdamGERMANY Register court\/Amtsgericht: PotsdamHR-Number\/HR-Nummer: HRB 38444 P CEO\/Gesch\u00e4ftsf\u00fchrer: Dr. Alexander Bartholom\u00e4us Email: info@greengategenomics.comPhone: +49 331\u00a06264-28959 \u00a0 Responsible for content under \u00a7 55 Abs. 2 Interstate Broadcasting Agreement (RStV): Dr. Alexander Bartholom\u00e4us \u00a0 get a quote for your project Click here\" \/>\n<meta property=\"og:url\" content=\"https:\/\/greengategenomics.com\/de\/imprint\/\" \/>\n<meta property=\"og:site_name\" content=\"GreenGate Genomics\" \/>\n<meta property=\"article:modified_time\" content=\"2024-01-06T20:11:11+00:00\" \/>\n<meta name=\"twitter:card\" content=\"summary_large_image\" \/>\n<script type=\"application\/ld+json\" class=\"yoast-schema-graph\">{\"@context\":\"https:\\\/\\\/schema.org\",\"@graph\":[{\"@type\":\"WebPage\",\"@id\":\"https:\\\/\\\/greengategenomics.com\\\/imprint\\\/\",\"url\":\"https:\\\/\\\/greengategenomics.com\\\/imprint\\\/\",\"name\":\"Imprint - GreenGate Genomics\",\"isPartOf\":{\"@id\":\"https:\\\/\\\/greengategenomics.com\\\/de\\\/#website\"},\"datePublished\":\"2023-06-24T07:48:26+00:00\",\"dateModified\":\"2024-01-06T20:11:11+00:00\",\"breadcrumb\":{\"@id\":\"https:\\\/\\\/greengategenomics.com\\\/imprint\\\/#breadcrumb\"},\"inLanguage\":\"de\",\"potentialAction\":[{\"@type\":\"ReadAction\",\"target\":[\"https:\\\/\\\/greengategenomics.com\\\/imprint\\\/\"]}]},{\"@type\":\"BreadcrumbList\",\"@id\":\"https:\\\/\\\/greengategenomics.com\\\/imprint\\\/#breadcrumb\",\"itemListElement\":[{\"@type\":\"ListItem\",\"position\":1,\"name\":\"Home\",\"item\":\"https:\\\/\\\/greengategenomics.com\\\/\"},{\"@type\":\"ListItem\",\"position\":2,\"name\":\"Imprint\"}]},{\"@type\":\"WebSite\",\"@id\":\"https:\\\/\\\/greengategenomics.com\\\/de\\\/#website\",\"url\":\"https:\\\/\\\/greengategenomics.com\\\/de\\\/\",\"name\":\"GreenGate Genomics\",\"description\":\"Bioinformatic Solutions for Complex Microbiomes\",\"publisher\":{\"@id\":\"https:\\\/\\\/greengategenomics.com\\\/de\\\/#organization\"},\"alternateName\":\"GreenGate\",\"potentialAction\":[{\"@type\":\"SearchAction\",\"target\":{\"@type\":\"EntryPoint\",\"urlTemplate\":\"https:\\\/\\\/greengategenomics.com\\\/de\\\/?s={search_term_string}\"},\"query-input\":{\"@type\":\"PropertyValueSpecification\",\"valueRequired\":true,\"valueName\":\"search_term_string\"}}],\"inLanguage\":\"de\"},{\"@type\":\"Organization\",\"@id\":\"https:\\\/\\\/greengategenomics.com\\\/de\\\/#organization\",\"name\":\"GreenGate Genomics GmbH\",\"alternateName\":\"GreenGate Genomics\",\"url\":\"https:\\\/\\\/greengategenomics.com\\\/de\\\/\",\"logo\":{\"@type\":\"ImageObject\",\"inLanguage\":\"de\",\"@id\":\"https:\\\/\\\/greengategenomics.com\\\/de\\\/#\\\/schema\\\/logo\\\/image\\\/\",\"url\":\"https:\\\/\\\/test.greengategenomics.com\\\/wp-content\\\/uploads\\\/2023\\\/06\\\/logo_greengategenomics_web_rgb.svg\",\"contentUrl\":\"https:\\\/\\\/test.greengategenomics.com\\\/wp-content\\\/uploads\\\/2023\\\/06\\\/logo_greengategenomics_web_rgb.svg\",\"width\":1,\"height\":1,\"caption\":\"GreenGate Genomics GmbH\"},\"image\":{\"@id\":\"https:\\\/\\\/greengategenomics.com\\\/de\\\/#\\\/schema\\\/logo\\\/image\\\/\"},\"sameAs\":[\"https:\\\/\\\/www.linkedin.com\\\/company\\\/greengate-genomics\\\/\"]}]}<\/script>\n<!-- \/ Yoast SEO plugin. -->","yoast_head_json":{"title":"Imprint - GreenGate Genomics","robots":{"index":"index","follow":"follow","max-snippet":"max-snippet:-1","max-image-preview":"max-image-preview:large","max-video-preview":"max-video-preview:-1"},"canonical":"https:\/\/greengategenomics.com\/de\/imprint\/","og_locale":"de_DE","og_type":"article","og_title":"Imprint - GreenGate Genomics","og_description":"GREENGATE GENOMICS IMPRINT Imprint \/ ImPressum GreenGate Genomics GmbHTelegrafenberg 71A14473 PotsdamGERMANY Register court\/Amtsgericht: PotsdamHR-Number\/HR-Nummer: HRB 38444 P CEO\/Gesch\u00e4ftsf\u00fchrer: Dr. Alexander Bartholom\u00e4us Email: info@greengategenomics.comPhone: +49 331\u00a06264-28959 \u00a0 Responsible for content under \u00a7 55 Abs. 2 Interstate Broadcasting Agreement (RStV): Dr. Alexander Bartholom\u00e4us \u00a0 get a quote for your project Click here","og_url":"https:\/\/greengategenomics.com\/de\/imprint\/","og_site_name":"GreenGate Genomics","article_modified_time":"2024-01-06T20:11:11+00:00","twitter_card":"summary_large_image","schema":{"@context":"https:\/\/schema.org","@graph":[{"@type":"WebPage","@id":"https:\/\/greengategenomics.com\/imprint\/","url":"https:\/\/greengategenomics.com\/imprint\/","name":"Imprint - GreenGate Genomics","isPartOf":{"@id":"https:\/\/greengategenomics.com\/de\/#website"},"datePublished":"2023-06-24T07:48:26+00:00","dateModified":"2024-01-06T20:11:11+00:00","breadcrumb":{"@id":"https:\/\/greengategenomics.com\/imprint\/#breadcrumb"},"inLanguage":"de","potentialAction":[{"@type":"ReadAction","target":["https:\/\/greengategenomics.com\/imprint\/"]}]},{"@type":"BreadcrumbList","@id":"https:\/\/greengategenomics.com\/imprint\/#breadcrumb","itemListElement":[{"@type":"ListItem","position":1,"name":"Home","item":"https:\/\/greengategenomics.com\/"},{"@type":"ListItem","position":2,"name":"Imprint"}]},{"@type":"WebSite","@id":"https:\/\/greengategenomics.com\/de\/#website","url":"https:\/\/greengategenomics.com\/de\/","name":"GreenGate Genomics","description":"Bioinformatic Solutions for Complex Microbiomes","publisher":{"@id":"https:\/\/greengategenomics.com\/de\/#organization"},"alternateName":"GreenGate","potentialAction":[{"@type":"SearchAction","target":{"@type":"EntryPoint","urlTemplate":"https:\/\/greengategenomics.com\/de\/?s={search_term_string}"},"query-input":{"@type":"PropertyValueSpecification","valueRequired":true,"valueName":"search_term_string"}}],"inLanguage":"de"},{"@type":"Organization","@id":"https:\/\/greengategenomics.com\/de\/#organization","name":"GreenGate Genomics GmbH","alternateName":"GreenGate Genomics","url":"https:\/\/greengategenomics.com\/de\/","logo":{"@type":"ImageObject","inLanguage":"de","@id":"https:\/\/greengategenomics.com\/de\/#\/schema\/logo\/image\/","url":"https:\/\/test.greengategenomics.com\/wp-content\/uploads\/2023\/06\/logo_greengategenomics_web_rgb.svg","contentUrl":"https:\/\/test.greengategenomics.com\/wp-content\/uploads\/2023\/06\/logo_greengategenomics_web_rgb.svg","width":1,"height":1,"caption":"GreenGate Genomics GmbH"},"image":{"@id":"https:\/\/greengategenomics.com\/de\/#\/schema\/logo\/image\/"},"sameAs":["https:\/\/www.linkedin.com\/company\/greengate-genomics\/"]}]}},"_links":{"self":[{"href":"https:\/\/greengategenomics.com\/de\/wp-json\/wp\/v2\/pages\/80","targetHints":{"allow":["GET"]}}],"collection":[{"href":"https:\/\/greengategenomics.com\/de\/wp-json\/wp\/v2\/pages"}],"about":[{"href":"https:\/\/greengategenomics.com\/de\/wp-json\/wp\/v2\/types\/page"}],"author":[{"embeddable":true,"href":"https:\/\/greengategenomics.com\/de\/wp-json\/wp\/v2\/users\/1"}],"replies":[{"embeddable":true,"href":"https:\/\/greengategenomics.com\/de\/wp-json\/wp\/v2\/comments?post=80"}],"version-history":[{"count":12,"href":"https:\/\/greengategenomics.com\/de\/wp-json\/wp\/v2\/pages\/80\/revisions"}],"predecessor-version":[{"id":1213,"href":"https:\/\/greengategenomics.com\/de\/wp-json\/wp\/v2\/pages\/80\/revisions\/1213"}],"wp:attachment":[{"href":"https:\/\/greengategenomics.com\/de\/wp-json\/wp\/v2\/media?parent=80"}],"curies":[{"name":"wp","href":"https:\/\/api.w.org\/{rel}","templated":true}]}}