{"id":2010,"date":"2024-07-29T15:08:51","date_gmt":"2024-07-29T15:08:51","guid":{"rendered":"https:\/\/greengategenomics.com\/?page_id=2010"},"modified":"2026-02-26T13:04:11","modified_gmt":"2026-02-26T13:04:11","slug":"tools","status":"publish","type":"page","link":"https:\/\/greengategenomics.com\/de\/tools\/","title":{"rendered":"Tools"},"content":{"rendered":"<div data-elementor-type=\"wp-page\" data-elementor-id=\"2010\" class=\"elementor elementor-2010\" data-elementor-post-type=\"page\">\n\t\t\t\t<div class=\"elementor-element elementor-element-82a936a e-flex e-con-boxed e-con e-parent\" data-id=\"82a936a\" data-element_type=\"container\" data-e-type=\"container\" data-settings=\"{&quot;background_background&quot;:&quot;classic&quot;}\">\n\t\t\t\t\t<div class=\"e-con-inner\">\n\t\t\t\t<div class=\"elementor-element elementor-element-786758a9 elementor-widget elementor-widget-heading\" data-id=\"786758a9\" data-element_type=\"widget\" data-e-type=\"widget\" data-widget_type=\"heading.default\">\n\t\t\t\t<div class=\"elementor-widget-container\">\n\t\t\t\t\t<h2 class=\"elementor-heading-title elementor-size-default\"><span style=\"font-weight:300;font-size:36px;color:#009632;letter-spacing: 1px\">GREENGATE GENOMICS<\/span><br>\nTools<\/h2>\t\t\t\t<\/div>\n\t\t\t\t<\/div>\n\t\t\t\t\t<\/div>\n\t\t\t\t<\/div>\n\t\t<div class=\"elementor-element elementor-element-d03d2ce e-flex e-con-boxed e-con e-parent\" data-id=\"d03d2ce\" data-element_type=\"container\" data-e-type=\"container\">\n\t\t\t\t\t<div class=\"e-con-inner\">\n\t\t<div class=\"elementor-element elementor-element-a29f155 e-con-full e-flex e-con e-child\" data-id=\"a29f155\" data-element_type=\"container\" data-e-type=\"container\">\n\t\t\t\t<div class=\"elementor-element elementor-element-02450df elementor-widget elementor-widget-text-editor\" data-id=\"02450df\" data-element_type=\"widget\" data-e-type=\"widget\" data-widget_type=\"text-editor.default\">\n\t\t\t\t<div class=\"elementor-widget-container\">\n\t\t\t\t\t\t\t\t\t<h3>Green Gate Genomics Sankey Plot Tool<\/h3>\t\t\t\t\t\t\t\t<\/div>\n\t\t\t\t<\/div>\n\t\t\t\t<div class=\"elementor-element elementor-element-f53a964 elementor-widget elementor-widget-text-editor\" data-id=\"f53a964\" data-element_type=\"widget\" data-e-type=\"widget\" data-widget_type=\"text-editor.default\">\n\t\t\t\t<div class=\"elementor-widget-container\">\n\t\t\t\t\t\t\t\t\t<p><strong>Was ist ein Sankey Plot?<\/strong><\/p><p>In der Mikrobiomanalyse wird ein Sankey-Plot verwendet, um die Verteilung und relative H\u00e4ufigkeit verschiedener taxonomischer Ebenen innerhalb einer mikrobiellen Gemeinschaft zu veranschaulichen. Es zeigt den Fluss mikrobieller Populationen von h\u00f6heren taxonomischen Ebenen (wie St\u00e4mmen) zu niedrigeren Ebenen (wie Arten). Der Plot verwendet Pfeile oder Verbindungen, deren Breite proportional zur H\u00e4ufigkeit des Vorkommens jedes Taxons ist, um zu zeigen, wie die mikrobielle Vielfalt aufgeteilt ist und wie verschiedene Taxa zur Gesamtstruktur der Gemeinschaft beitragen.<\/p><p><strong>Nutzung: <\/strong>Mit diesem Tool l\u00e4sst sich die taxonomische Verteilung eines Amplikon-Datensatzes (z. B. 16S- oder 18S-rRNA) darstellen<\/p><p><strong>Ben\u00f6tigter Input:<\/strong> Eine CSV-Datei, in der die Taxonomie jedes identifizierten ASV aufgef\u00fchrt ist (ein Beispiel heruntergeladen: <a href=\"https:\/\/019c1fdf-8931-0546-bc6f-91d96cc94731.share.connect.posit.cloud\/\">hier<\/a>)<\/p><p><strong>Output:<\/strong> Eine SVG-Datei, die die Verteilung auf verschiedene taxonomische Ebenen im gesamten Datensatz darstellt<\/p><p>Das Tool kann \u00fcber die Schaltfl\u00e4che unten aufgerufen werden:<\/p><div>\u00a0<\/div>\t\t\t\t\t\t\t\t<\/div>\n\t\t\t\t<\/div>\n\t\t\t\t<div class=\"elementor-element elementor-element-f3318d9 elementor-align-center elementor-widget elementor-widget-button\" data-id=\"f3318d9\" data-element_type=\"widget\" data-e-type=\"widget\" data-widget_type=\"button.default\">\n\t\t\t\t<div class=\"elementor-widget-container\">\n\t\t\t\t\t\t\t\t\t<div class=\"elementor-button-wrapper\">\n\t\t\t\t\t<a class=\"elementor-button elementor-button-link elementor-size-lg\" href=\"https:\/\/019c1fdf-8931-0546-bc6f-91d96cc94731.share.connect.posit.cloud\/\">\n\t\t\t\t\t\t<span class=\"elementor-button-content-wrapper\">\n\t\t\t\t\t\t\t\t\t<span class=\"elementor-button-text\">Sankey Plot  Tool<\/span>\n\t\t\t\t\t<\/span>\n\t\t\t\t\t<\/a>\n\t\t\t\t<\/div>\n\t\t\t\t\t\t\t\t<\/div>\n\t\t\t\t<\/div>\n\t\t\t\t<\/div>\n\t\t<div class=\"elementor-element elementor-element-17e7b30 e-con-full e-flex e-con e-child\" data-id=\"17e7b30\" data-element_type=\"container\" data-e-type=\"container\">\n\t\t\t\t<div class=\"elementor-element elementor-element-7d7d4f4 elementor-widget elementor-widget-image\" data-id=\"7d7d4f4\" data-element_type=\"widget\" data-e-type=\"widget\" data-widget_type=\"image.default\">\n\t\t\t\t<div class=\"elementor-widget-container\">\n\t\t\t\t\t\t\t\t\t\t\t\t\t\t\t<img fetchpriority=\"high\" decoding=\"async\" width=\"800\" height=\"1021\" src=\"https:\/\/greengategenomics.com\/wp-content\/uploads\/2024\/07\/Prasentation1-802x1024.jpg\" class=\"attachment-large size-large wp-image-2045\" alt=\"\" srcset=\"https:\/\/greengategenomics.com\/wp-content\/uploads\/2024\/07\/Prasentation1-802x1024.jpg 802w, https:\/\/greengategenomics.com\/wp-content\/uploads\/2024\/07\/Prasentation1-235x300.jpg 235w, https:\/\/greengategenomics.com\/wp-content\/uploads\/2024\/07\/Prasentation1-768x980.jpg 768w, https:\/\/greengategenomics.com\/wp-content\/uploads\/2024\/07\/Prasentation1-1204x1536.jpg 1204w, https:\/\/greengategenomics.com\/wp-content\/uploads\/2024\/07\/Prasentation1-1605x2048.jpg 1605w, https:\/\/greengategenomics.com\/wp-content\/uploads\/2024\/07\/Prasentation1-9x12.jpg 9w, https:\/\/greengategenomics.com\/wp-content\/uploads\/2024\/07\/Prasentation1-scaled.jpg 2006w\" sizes=\"(max-width: 800px) 100vw, 800px\" \/>\t\t\t\t\t\t\t\t\t\t\t\t\t\t\t<\/div>\n\t\t\t\t<\/div>\n\t\t\t\t<div class=\"elementor-element elementor-element-fdd220b elementor-widget__width-initial elementor-widget elementor-widget-image\" data-id=\"fdd220b\" data-element_type=\"widget\" data-e-type=\"widget\" data-widget_type=\"image.default\">\n\t\t\t\t<div class=\"elementor-widget-container\">\n\t\t\t\t\t\t\t\t\t\t\t\t\t\t\t<img decoding=\"async\" width=\"800\" height=\"411\" src=\"https:\/\/greengategenomics.com\/wp-content\/uploads\/2024\/07\/Screenshot-2024-07-29-at-16-53-04-Sankey-plot-1024x526.png\" class=\"attachment-large size-large wp-image-2019\" alt=\"\" srcset=\"https:\/\/greengategenomics.com\/wp-content\/uploads\/2024\/07\/Screenshot-2024-07-29-at-16-53-04-Sankey-plot-1024x526.png 1024w, https:\/\/greengategenomics.com\/wp-content\/uploads\/2024\/07\/Screenshot-2024-07-29-at-16-53-04-Sankey-plot-300x154.png 300w, https:\/\/greengategenomics.com\/wp-content\/uploads\/2024\/07\/Screenshot-2024-07-29-at-16-53-04-Sankey-plot-768x395.png 768w, https:\/\/greengategenomics.com\/wp-content\/uploads\/2024\/07\/Screenshot-2024-07-29-at-16-53-04-Sankey-plot-18x9.png 18w, https:\/\/greengategenomics.com\/wp-content\/uploads\/2024\/07\/Screenshot-2024-07-29-at-16-53-04-Sankey-plot.png 1379w\" sizes=\"(max-width: 800px) 100vw, 800px\" \/>\t\t\t\t\t\t\t\t\t\t\t\t\t\t\t<\/div>\n\t\t\t\t<\/div>\n\t\t\t\t<\/div>\n\t\t\t\t\t<\/div>\n\t\t\t\t<\/div>\n\t\t\t\t<\/div>","protected":false},"excerpt":{"rendered":"<p>GREENGATE GENOMICS Tools Green Gate Genomics Sankey Plot Tool What is a Sankey plot? In microbiome analysis, a Sankey plot is used to visualize the distribution and relative abundance of different taxonomic levels within a microbial community. It illustrates the flow of microbial populations from higher taxonomic ranks (such as phyla) to lower ranks (such [&hellip;]<\/p>\n","protected":false},"author":3,"featured_media":0,"parent":0,"menu_order":0,"comment_status":"closed","ping_status":"closed","template":"","meta":{"footnotes":""},"class_list":["post-2010","page","type-page","status-publish","hentry"],"yoast_head":"<!-- This site is optimized with the Yoast SEO plugin v27.3 - https:\/\/yoast.com\/product\/yoast-seo-wordpress\/ -->\n<title>Tools - GreenGate Genomics<\/title>\n<meta name=\"robots\" content=\"index, follow, max-snippet:-1, max-image-preview:large, max-video-preview:-1\" \/>\n<link rel=\"canonical\" href=\"https:\/\/greengategenomics.com\/de\/tools\/\" \/>\n<meta property=\"og:locale\" content=\"de_DE\" \/>\n<meta property=\"og:type\" content=\"article\" \/>\n<meta property=\"og:title\" content=\"Tools - GreenGate Genomics\" \/>\n<meta property=\"og:description\" content=\"GREENGATE GENOMICS Tools Green Gate Genomics Sankey Plot Tool What is a Sankey plot? In microbiome analysis, a Sankey plot is used to visualize the distribution and relative abundance of different taxonomic levels within a microbial community. It illustrates the flow of microbial populations from higher taxonomic ranks (such as phyla) to lower ranks (such [&hellip;]\" \/>\n<meta property=\"og:url\" content=\"https:\/\/greengategenomics.com\/de\/tools\/\" \/>\n<meta property=\"og:site_name\" content=\"GreenGate Genomics\" \/>\n<meta property=\"article:modified_time\" content=\"2026-02-26T13:04:11+00:00\" \/>\n<meta property=\"og:image\" content=\"https:\/\/greengategenomics.com\/wp-content\/uploads\/2024\/07\/Prasentation1-scaled.jpg\" \/>\n\t<meta property=\"og:image:width\" content=\"2006\" \/>\n\t<meta property=\"og:image:height\" content=\"2560\" \/>\n\t<meta property=\"og:image:type\" content=\"image\/jpeg\" \/>\n<meta name=\"twitter:card\" content=\"summary_large_image\" \/>\n<meta name=\"twitter:label1\" content=\"Gesch\u00e4tzte Lesezeit\" \/>\n\t<meta name=\"twitter:data1\" content=\"2\u00a0Minuten\" \/>\n<script type=\"application\/ld+json\" class=\"yoast-schema-graph\">{\"@context\":\"https:\\\/\\\/schema.org\",\"@graph\":[{\"@type\":\"WebPage\",\"@id\":\"https:\\\/\\\/greengategenomics.com\\\/tools\\\/\",\"url\":\"https:\\\/\\\/greengategenomics.com\\\/tools\\\/\",\"name\":\"Tools - GreenGate Genomics\",\"isPartOf\":{\"@id\":\"https:\\\/\\\/greengategenomics.com\\\/de\\\/#website\"},\"primaryImageOfPage\":{\"@id\":\"https:\\\/\\\/greengategenomics.com\\\/tools\\\/#primaryimage\"},\"image\":{\"@id\":\"https:\\\/\\\/greengategenomics.com\\\/tools\\\/#primaryimage\"},\"thumbnailUrl\":\"https:\\\/\\\/greengategenomics.com\\\/wp-content\\\/uploads\\\/2024\\\/07\\\/Prasentation1-802x1024.jpg\",\"datePublished\":\"2024-07-29T15:08:51+00:00\",\"dateModified\":\"2026-02-26T13:04:11+00:00\",\"breadcrumb\":{\"@id\":\"https:\\\/\\\/greengategenomics.com\\\/tools\\\/#breadcrumb\"},\"inLanguage\":\"de\",\"potentialAction\":[{\"@type\":\"ReadAction\",\"target\":[\"https:\\\/\\\/greengategenomics.com\\\/tools\\\/\"]}]},{\"@type\":\"ImageObject\",\"inLanguage\":\"de\",\"@id\":\"https:\\\/\\\/greengategenomics.com\\\/tools\\\/#primaryimage\",\"url\":\"https:\\\/\\\/greengategenomics.com\\\/wp-content\\\/uploads\\\/2024\\\/07\\\/Prasentation1-802x1024.jpg\",\"contentUrl\":\"https:\\\/\\\/greengategenomics.com\\\/wp-content\\\/uploads\\\/2024\\\/07\\\/Prasentation1-802x1024.jpg\"},{\"@type\":\"BreadcrumbList\",\"@id\":\"https:\\\/\\\/greengategenomics.com\\\/tools\\\/#breadcrumb\",\"itemListElement\":[{\"@type\":\"ListItem\",\"position\":1,\"name\":\"Home\",\"item\":\"https:\\\/\\\/greengategenomics.com\\\/\"},{\"@type\":\"ListItem\",\"position\":2,\"name\":\"Tools\"}]},{\"@type\":\"WebSite\",\"@id\":\"https:\\\/\\\/greengategenomics.com\\\/de\\\/#website\",\"url\":\"https:\\\/\\\/greengategenomics.com\\\/de\\\/\",\"name\":\"GreenGate Genomics\",\"description\":\"Bioinformatic Solutions for Complex Microbiomes\",\"publisher\":{\"@id\":\"https:\\\/\\\/greengategenomics.com\\\/de\\\/#organization\"},\"alternateName\":\"GreenGate\",\"potentialAction\":[{\"@type\":\"SearchAction\",\"target\":{\"@type\":\"EntryPoint\",\"urlTemplate\":\"https:\\\/\\\/greengategenomics.com\\\/de\\\/?s={search_term_string}\"},\"query-input\":{\"@type\":\"PropertyValueSpecification\",\"valueRequired\":true,\"valueName\":\"search_term_string\"}}],\"inLanguage\":\"de\"},{\"@type\":\"Organization\",\"@id\":\"https:\\\/\\\/greengategenomics.com\\\/de\\\/#organization\",\"name\":\"GreenGate Genomics GmbH\",\"alternateName\":\"GreenGate Genomics\",\"url\":\"https:\\\/\\\/greengategenomics.com\\\/de\\\/\",\"logo\":{\"@type\":\"ImageObject\",\"inLanguage\":\"de\",\"@id\":\"https:\\\/\\\/greengategenomics.com\\\/de\\\/#\\\/schema\\\/logo\\\/image\\\/\",\"url\":\"https:\\\/\\\/test.greengategenomics.com\\\/wp-content\\\/uploads\\\/2023\\\/06\\\/logo_greengategenomics_web_rgb.svg\",\"contentUrl\":\"https:\\\/\\\/test.greengategenomics.com\\\/wp-content\\\/uploads\\\/2023\\\/06\\\/logo_greengategenomics_web_rgb.svg\",\"width\":1,\"height\":1,\"caption\":\"GreenGate Genomics GmbH\"},\"image\":{\"@id\":\"https:\\\/\\\/greengategenomics.com\\\/de\\\/#\\\/schema\\\/logo\\\/image\\\/\"},\"sameAs\":[\"https:\\\/\\\/www.linkedin.com\\\/company\\\/greengate-genomics\\\/\"]}]}<\/script>\n<!-- \/ Yoast SEO plugin. -->","yoast_head_json":{"title":"Tools - GreenGate Genomics","robots":{"index":"index","follow":"follow","max-snippet":"max-snippet:-1","max-image-preview":"max-image-preview:large","max-video-preview":"max-video-preview:-1"},"canonical":"https:\/\/greengategenomics.com\/de\/tools\/","og_locale":"de_DE","og_type":"article","og_title":"Tools - GreenGate Genomics","og_description":"GREENGATE GENOMICS Tools Green Gate Genomics Sankey Plot Tool What is a Sankey plot? In microbiome analysis, a Sankey plot is used to visualize the distribution and relative abundance of different taxonomic levels within a microbial community. It illustrates the flow of microbial populations from higher taxonomic ranks (such as phyla) to lower ranks (such [&hellip;]","og_url":"https:\/\/greengategenomics.com\/de\/tools\/","og_site_name":"GreenGate Genomics","article_modified_time":"2026-02-26T13:04:11+00:00","og_image":[{"width":2006,"height":2560,"url":"https:\/\/greengategenomics.com\/wp-content\/uploads\/2024\/07\/Prasentation1-scaled.jpg","type":"image\/jpeg"}],"twitter_card":"summary_large_image","twitter_misc":{"Gesch\u00e4tzte Lesezeit":"2\u00a0Minuten"},"schema":{"@context":"https:\/\/schema.org","@graph":[{"@type":"WebPage","@id":"https:\/\/greengategenomics.com\/tools\/","url":"https:\/\/greengategenomics.com\/tools\/","name":"Tools - GreenGate Genomics","isPartOf":{"@id":"https:\/\/greengategenomics.com\/de\/#website"},"primaryImageOfPage":{"@id":"https:\/\/greengategenomics.com\/tools\/#primaryimage"},"image":{"@id":"https:\/\/greengategenomics.com\/tools\/#primaryimage"},"thumbnailUrl":"https:\/\/greengategenomics.com\/wp-content\/uploads\/2024\/07\/Prasentation1-802x1024.jpg","datePublished":"2024-07-29T15:08:51+00:00","dateModified":"2026-02-26T13:04:11+00:00","breadcrumb":{"@id":"https:\/\/greengategenomics.com\/tools\/#breadcrumb"},"inLanguage":"de","potentialAction":[{"@type":"ReadAction","target":["https:\/\/greengategenomics.com\/tools\/"]}]},{"@type":"ImageObject","inLanguage":"de","@id":"https:\/\/greengategenomics.com\/tools\/#primaryimage","url":"https:\/\/greengategenomics.com\/wp-content\/uploads\/2024\/07\/Prasentation1-802x1024.jpg","contentUrl":"https:\/\/greengategenomics.com\/wp-content\/uploads\/2024\/07\/Prasentation1-802x1024.jpg"},{"@type":"BreadcrumbList","@id":"https:\/\/greengategenomics.com\/tools\/#breadcrumb","itemListElement":[{"@type":"ListItem","position":1,"name":"Home","item":"https:\/\/greengategenomics.com\/"},{"@type":"ListItem","position":2,"name":"Tools"}]},{"@type":"WebSite","@id":"https:\/\/greengategenomics.com\/de\/#website","url":"https:\/\/greengategenomics.com\/de\/","name":"GreenGate Genomics","description":"Bioinformatic Solutions for Complex Microbiomes","publisher":{"@id":"https:\/\/greengategenomics.com\/de\/#organization"},"alternateName":"GreenGate","potentialAction":[{"@type":"SearchAction","target":{"@type":"EntryPoint","urlTemplate":"https:\/\/greengategenomics.com\/de\/?s={search_term_string}"},"query-input":{"@type":"PropertyValueSpecification","valueRequired":true,"valueName":"search_term_string"}}],"inLanguage":"de"},{"@type":"Organization","@id":"https:\/\/greengategenomics.com\/de\/#organization","name":"GreenGate Genomics GmbH","alternateName":"GreenGate Genomics","url":"https:\/\/greengategenomics.com\/de\/","logo":{"@type":"ImageObject","inLanguage":"de","@id":"https:\/\/greengategenomics.com\/de\/#\/schema\/logo\/image\/","url":"https:\/\/test.greengategenomics.com\/wp-content\/uploads\/2023\/06\/logo_greengategenomics_web_rgb.svg","contentUrl":"https:\/\/test.greengategenomics.com\/wp-content\/uploads\/2023\/06\/logo_greengategenomics_web_rgb.svg","width":1,"height":1,"caption":"GreenGate Genomics GmbH"},"image":{"@id":"https:\/\/greengategenomics.com\/de\/#\/schema\/logo\/image\/"},"sameAs":["https:\/\/www.linkedin.com\/company\/greengate-genomics\/"]}]}},"_links":{"self":[{"href":"https:\/\/greengategenomics.com\/de\/wp-json\/wp\/v2\/pages\/2010","targetHints":{"allow":["GET"]}}],"collection":[{"href":"https:\/\/greengategenomics.com\/de\/wp-json\/wp\/v2\/pages"}],"about":[{"href":"https:\/\/greengategenomics.com\/de\/wp-json\/wp\/v2\/types\/page"}],"author":[{"embeddable":true,"href":"https:\/\/greengategenomics.com\/de\/wp-json\/wp\/v2\/users\/3"}],"replies":[{"embeddable":true,"href":"https:\/\/greengategenomics.com\/de\/wp-json\/wp\/v2\/comments?post=2010"}],"version-history":[{"count":41,"href":"https:\/\/greengategenomics.com\/de\/wp-json\/wp\/v2\/pages\/2010\/revisions"}],"predecessor-version":[{"id":2592,"href":"https:\/\/greengategenomics.com\/de\/wp-json\/wp\/v2\/pages\/2010\/revisions\/2592"}],"wp:attachment":[{"href":"https:\/\/greengategenomics.com\/de\/wp-json\/wp\/v2\/media?parent=2010"}],"curies":[{"name":"wp","href":"https:\/\/api.w.org\/{rel}","templated":true}]}}