{"id":1703,"date":"2024-03-11T11:57:38","date_gmt":"2024-03-11T11:57:38","guid":{"rendered":"https:\/\/greengategenomics.com\/?page_id=1703"},"modified":"2024-04-08T11:16:38","modified_gmt":"2024-04-08T11:16:38","slug":"resources","status":"publish","type":"page","link":"https:\/\/greengategenomics.com\/de\/resources\/","title":{"rendered":"Resourcen"},"content":{"rendered":"<div data-elementor-type=\"wp-page\" data-elementor-id=\"1703\" class=\"elementor elementor-1703\" data-elementor-post-type=\"page\">\n\t\t\t\t<div class=\"elementor-element elementor-element-55bf54c1 e-flex e-con-boxed e-con e-parent\" data-id=\"55bf54c1\" data-element_type=\"container\" data-e-type=\"container\" data-settings=\"{&quot;background_background&quot;:&quot;classic&quot;}\">\n\t\t\t\t\t<div class=\"e-con-inner\">\n\t\t\t\t<div class=\"elementor-element elementor-element-77e9b7a8 elementor-widget elementor-widget-heading\" data-id=\"77e9b7a8\" data-element_type=\"widget\" data-e-type=\"widget\" data-widget_type=\"heading.default\">\n\t\t\t\t<div class=\"elementor-widget-container\">\n\t\t\t\t\t<h2 class=\"elementor-heading-title elementor-size-default\"><span style=\"font-weight:300;font-size:36px;color:#009632;letter-spacing: 1px\">GREENGATE GENOMICS<\/span><br>\nResourcen<\/h2>\t\t\t\t<\/div>\n\t\t\t\t<\/div>\n\t\t\t\t\t<\/div>\n\t\t\t\t<\/div>\n\t\t<div class=\"elementor-element elementor-element-c7d0a0f e-flex e-con-boxed e-con e-parent\" data-id=\"c7d0a0f\" data-element_type=\"container\" data-e-type=\"container\" data-settings=\"{&quot;background_background&quot;:&quot;classic&quot;}\">\n\t\t\t\t\t<div class=\"e-con-inner\">\n\t\t\t\t<div class=\"elementor-element elementor-element-ef06a0e elementor-widget elementor-widget-heading\" data-id=\"ef06a0e\" data-element_type=\"widget\" data-e-type=\"widget\" data-widget_type=\"heading.default\">\n\t\t\t\t<div class=\"elementor-widget-container\">\n\t\t\t\t\t<h2 class=\"elementor-heading-title elementor-size-default\">Unsere Guides geben Wissenschafltern und Forschern die M\u00f6glichkeit sich einen schnellen \u00dcberblick \u00fcber ausgew\u00e4hlte genomische und bioinformatische Themen zu verschaffen:<\/h2>\t\t\t\t<\/div>\n\t\t\t\t<\/div>\n\t\t\t\t<div class=\"elementor-element elementor-element-1b7bb2d elementor-widget elementor-widget-spacer\" data-id=\"1b7bb2d\" data-element_type=\"widget\" data-e-type=\"widget\" data-widget_type=\"spacer.default\">\n\t\t\t\t<div class=\"elementor-widget-container\">\n\t\t\t\t\t\t\t<div class=\"elementor-spacer\">\n\t\t\t<div class=\"elementor-spacer-inner\"><\/div>\n\t\t<\/div>\n\t\t\t\t\t\t<\/div>\n\t\t\t\t<\/div>\n\t\t<div class=\"elementor-element elementor-element-cc34a73 e-con-full e-flex e-con e-child\" data-id=\"cc34a73\" data-element_type=\"container\" data-e-type=\"container\">\n\t\t<div class=\"elementor-element elementor-element-680d2ee e-con-full e-flex e-con e-child\" data-id=\"680d2ee\" data-element_type=\"container\" data-e-type=\"container\">\n\t\t\t\t<div class=\"elementor-element elementor-element-d2fea64 elementor-widget__width-initial elementor-widget elementor-widget-text-editor\" data-id=\"d2fea64\" data-element_type=\"widget\" data-e-type=\"widget\" data-widget_type=\"text-editor.default\">\n\t\t\t\t<div class=\"elementor-widget-container\">\n\t\t\t\t\t\t\t\t\t<p>Unser \"<strong>Genomic Database Guide<\/strong>\" zu genomischen Datenbanken gibt einen ersten \u00dcberblick \u00fcber Anlaufstellen f\u00fcr genomischen Daten.<\/p>\t\t\t\t\t\t\t\t<\/div>\n\t\t\t\t<\/div>\n\t\t\t\t<div class=\"elementor-element elementor-element-66af979 elementor-widget__width-initial elementor-widget elementor-widget-image\" data-id=\"66af979\" data-element_type=\"widget\" data-e-type=\"widget\" data-widget_type=\"image.default\">\n\t\t\t\t<div class=\"elementor-widget-container\">\n\t\t\t\t\t\t\t\t\t\t\t\t\t\t\t<img fetchpriority=\"high\" decoding=\"async\" width=\"177\" height=\"300\" src=\"https:\/\/greengategenomics.com\/wp-content\/uploads\/2024\/03\/Database_Overview_new-177x300.png\" class=\"attachment-medium size-medium wp-image-1706\" alt=\"\" srcset=\"https:\/\/greengategenomics.com\/wp-content\/uploads\/2024\/03\/Database_Overview_new-177x300.png 177w, https:\/\/greengategenomics.com\/wp-content\/uploads\/2024\/03\/Database_Overview_new-605x1024.png 605w, https:\/\/greengategenomics.com\/wp-content\/uploads\/2024\/03\/Database_Overview_new-768x1300.png 768w, https:\/\/greengategenomics.com\/wp-content\/uploads\/2024\/03\/Database_Overview_new-907x1536.png 907w, https:\/\/greengategenomics.com\/wp-content\/uploads\/2024\/03\/Database_Overview_new.png 1171w\" sizes=\"(max-width: 177px) 100vw, 177px\" \/>\t\t\t\t\t\t\t\t\t\t\t\t\t\t\t<\/div>\n\t\t\t\t<\/div>\n\t\t\t\t<div class=\"elementor-element elementor-element-e09cb0b elementor-align-justify elementor-widget elementor-widget-button\" data-id=\"e09cb0b\" data-element_type=\"widget\" data-e-type=\"widget\" data-widget_type=\"button.default\">\n\t\t\t\t<div class=\"elementor-widget-container\">\n\t\t\t\t\t\t\t\t\t<div class=\"elementor-button-wrapper\">\n\t\t\t\t\t<a class=\"elementor-button elementor-button-link elementor-size-lg\" href=\"https:\/\/test.greengategenomics.com\/wp-content\/uploads\/2024\/03\/GreenGate_Genomic_Database_Guide.pdf\">\n\t\t\t\t\t\t<span class=\"elementor-button-content-wrapper\">\n\t\t\t\t\t\t\t\t\t<span class=\"elementor-button-text\">Download<\/span>\n\t\t\t\t\t<\/span>\n\t\t\t\t\t<\/a>\n\t\t\t\t<\/div>\n\t\t\t\t\t\t\t\t<\/div>\n\t\t\t\t<\/div>\n\t\t\t\t<\/div>\n\t\t\t\t<\/div>\n\t\t<div class=\"elementor-element elementor-element-91fe0ba e-con-full e-flex e-con e-child\" data-id=\"91fe0ba\" data-element_type=\"container\" data-e-type=\"container\">\n\t\t<div class=\"elementor-element elementor-element-20df3c3 e-con-full e-flex e-con e-child\" data-id=\"20df3c3\" data-element_type=\"container\" data-e-type=\"container\">\n\t\t\t\t<div class=\"elementor-element elementor-element-79fa8ac elementor-widget__width-initial elementor-widget elementor-widget-text-editor\" data-id=\"79fa8ac\" data-element_type=\"widget\" data-e-type=\"widget\" data-widget_type=\"text-editor.default\">\n\t\t\t\t<div class=\"elementor-widget-container\">\n\t\t\t\t\t\t\t\t\t<p>Unser \"<strong>Bioinformatic Analysis Strategy Guide<\/strong>\" fasst zusammen welche Schritte bei der Planung eines Projekts und der Auswahl einer bioinformatischen Analysestrategie wichtig sind.<\/p>\t\t\t\t\t\t\t\t<\/div>\n\t\t\t\t<\/div>\n\t\t\t\t<div class=\"elementor-element elementor-element-33d546f elementor-widget__width-initial elementor-widget elementor-widget-image\" data-id=\"33d546f\" data-element_type=\"widget\" data-e-type=\"widget\" data-widget_type=\"image.default\">\n\t\t\t\t<div class=\"elementor-widget-container\">\n\t\t\t\t\t\t\t\t\t\t\t\t\t\t\t<img decoding=\"async\" width=\"237\" height=\"300\" src=\"https:\/\/greengategenomics.com\/wp-content\/uploads\/2024\/03\/Bioinformatic-Strategy-Guide-237x300.png\" class=\"attachment-medium size-medium wp-image-1724\" alt=\"\" srcset=\"https:\/\/greengategenomics.com\/wp-content\/uploads\/2024\/03\/Bioinformatic-Strategy-Guide-237x300.png 237w, https:\/\/greengategenomics.com\/wp-content\/uploads\/2024\/03\/Bioinformatic-Strategy-Guide-808x1024.png 808w, https:\/\/greengategenomics.com\/wp-content\/uploads\/2024\/03\/Bioinformatic-Strategy-Guide-768x973.png 768w, https:\/\/greengategenomics.com\/wp-content\/uploads\/2024\/03\/Bioinformatic-Strategy-Guide.png 918w\" sizes=\"(max-width: 237px) 100vw, 237px\" \/>\t\t\t\t\t\t\t\t\t\t\t\t\t\t\t<\/div>\n\t\t\t\t<\/div>\n\t\t\t\t<div class=\"elementor-element elementor-element-5b5b145 elementor-align-justify elementor-widget__width-initial elementor-widget elementor-widget-button\" data-id=\"5b5b145\" data-element_type=\"widget\" data-e-type=\"widget\" data-widget_type=\"button.default\">\n\t\t\t\t<div class=\"elementor-widget-container\">\n\t\t\t\t\t\t\t\t\t<div class=\"elementor-button-wrapper\">\n\t\t\t\t\t<a class=\"elementor-button elementor-button-link elementor-size-lg\" href=\"https:\/\/test.greengategenomics.com\/wp-content\/uploads\/2024\/03\/Bioinformatic-Strategy-Guide.pdf\">\n\t\t\t\t\t\t<span class=\"elementor-button-content-wrapper\">\n\t\t\t\t\t\t\t\t\t<span class=\"elementor-button-text\">Download<\/span>\n\t\t\t\t\t<\/span>\n\t\t\t\t\t<\/a>\n\t\t\t\t<\/div>\n\t\t\t\t\t\t\t\t<\/div>\n\t\t\t\t<\/div>\n\t\t\t\t<\/div>\n\t\t\t\t<\/div>\n\t\t<div class=\"elementor-element elementor-element-4b51a64 e-con-full e-flex e-con e-child\" data-id=\"4b51a64\" data-element_type=\"container\" data-e-type=\"container\">\n\t\t<div class=\"elementor-element elementor-element-a6d3327 e-con-full e-flex e-con e-child\" data-id=\"a6d3327\" data-element_type=\"container\" data-e-type=\"container\">\n\t\t\t\t<div class=\"elementor-element elementor-element-f796c10 elementor-widget__width-initial elementor-widget elementor-widget-text-editor\" data-id=\"f796c10\" data-element_type=\"widget\" data-e-type=\"widget\" data-widget_type=\"text-editor.default\">\n\t\t\t\t<div class=\"elementor-widget-container\">\n\t\t\t\t\t\t\t\t\t<p>Unser \"<strong>16S rRNA Analysis Quick Guide<\/strong>\" gibt einen allgemeinen \u00dcberblick dar\u00fcber, worauf man bei der Durchf\u00fchrung einer 16S-rRNA-Analyse von Umweltproben achten sollte.\u00a0<\/p>\t\t\t\t\t\t\t\t<\/div>\n\t\t\t\t<\/div>\n\t\t\t\t<div class=\"elementor-element elementor-element-130b7ad elementor-widget__width-initial elementor-widget elementor-widget-image\" data-id=\"130b7ad\" data-element_type=\"widget\" data-e-type=\"widget\" data-widget_type=\"image.default\">\n\t\t\t\t<div class=\"elementor-widget-container\">\n\t\t\t\t\t\t\t\t\t\t\t\t\t\t\t<img decoding=\"async\" width=\"183\" height=\"300\" src=\"https:\/\/greengategenomics.com\/wp-content\/uploads\/2024\/03\/16Sguide-183x300.png\" class=\"attachment-medium size-medium wp-image-1723\" alt=\"\" srcset=\"https:\/\/greengategenomics.com\/wp-content\/uploads\/2024\/03\/16Sguide-183x300.png 183w, https:\/\/greengategenomics.com\/wp-content\/uploads\/2024\/03\/16Sguide-624x1024.png 624w, https:\/\/greengategenomics.com\/wp-content\/uploads\/2024\/03\/16Sguide-768x1260.png 768w, https:\/\/greengategenomics.com\/wp-content\/uploads\/2024\/03\/16Sguide-937x1536.png 937w, https:\/\/greengategenomics.com\/wp-content\/uploads\/2024\/03\/16Sguide.png 1156w\" sizes=\"(max-width: 183px) 100vw, 183px\" \/>\t\t\t\t\t\t\t\t\t\t\t\t\t\t\t<\/div>\n\t\t\t\t<\/div>\n\t\t\t\t<div class=\"elementor-element elementor-element-9aa39b2 elementor-align-justify elementor-widget__width-initial elementor-widget elementor-widget-button\" data-id=\"9aa39b2\" data-element_type=\"widget\" data-e-type=\"widget\" data-widget_type=\"button.default\">\n\t\t\t\t<div class=\"elementor-widget-container\">\n\t\t\t\t\t\t\t\t\t<div class=\"elementor-button-wrapper\">\n\t\t\t\t\t<a class=\"elementor-button elementor-button-link elementor-size-lg\" href=\"https:\/\/test.greengategenomics.com\/wp-content\/uploads\/2024\/03\/16S-rRNA-quick-Guide_AB.pdf\">\n\t\t\t\t\t\t<span class=\"elementor-button-content-wrapper\">\n\t\t\t\t\t\t\t\t\t<span class=\"elementor-button-text\">Download<\/span>\n\t\t\t\t\t<\/span>\n\t\t\t\t\t<\/a>\n\t\t\t\t<\/div>\n\t\t\t\t\t\t\t\t<\/div>\n\t\t\t\t<\/div>\n\t\t\t\t<\/div>\n\t\t\t\t<\/div>\n\t\t<div class=\"elementor-element elementor-element-f6f8abb e-con-full e-flex e-con e-child\" data-id=\"f6f8abb\" data-element_type=\"container\" data-e-type=\"container\">\n\t\t<div class=\"elementor-element elementor-element-2bee4a1 e-con-full e-flex e-con e-child\" data-id=\"2bee4a1\" data-element_type=\"container\" data-e-type=\"container\">\n\t\t\t\t<div class=\"elementor-element elementor-element-93ac26e elementor-widget__width-initial elementor-widget elementor-widget-text-editor\" data-id=\"93ac26e\" data-element_type=\"widget\" data-e-type=\"widget\" data-widget_type=\"text-editor.default\">\n\t\t\t\t<div class=\"elementor-widget-container\">\n\t\t\t\t\t\t\t\t\t<p>Unser \"<strong>Innovation Overview<\/strong>\" fasst zusammen, welche Dienstleistungen GreenGate Genomics anbietet und wie wir Kunden bei der Umsetzung innovativer Projekte und im Streben nach Nachhaltigkeit unterst\u00fctzen k\u00f6nnen<\/p>\t\t\t\t\t\t\t\t<\/div>\n\t\t\t\t<\/div>\n\t\t\t\t<div class=\"elementor-element elementor-element-7877829 elementor-widget__width-initial elementor-widget elementor-widget-image\" data-id=\"7877829\" data-element_type=\"widget\" data-e-type=\"widget\" data-widget_type=\"image.default\">\n\t\t\t\t<div class=\"elementor-widget-container\">\n\t\t\t\t\t\t\t\t\t\t\t\t\t\t\t<img loading=\"lazy\" decoding=\"async\" width=\"300\" height=\"167\" src=\"https:\/\/greengategenomics.com\/wp-content\/uploads\/2024\/04\/Innovation_german-300x167.jpg\" class=\"attachment-medium size-medium wp-image-1882\" alt=\"\" srcset=\"https:\/\/greengategenomics.com\/wp-content\/uploads\/2024\/04\/Innovation_german-300x167.jpg 300w, https:\/\/greengategenomics.com\/wp-content\/uploads\/2024\/04\/Innovation_german-1024x571.jpg 1024w, https:\/\/greengategenomics.com\/wp-content\/uploads\/2024\/04\/Innovation_german-768x428.jpg 768w, https:\/\/greengategenomics.com\/wp-content\/uploads\/2024\/04\/Innovation_german-1536x857.jpg 1536w, https:\/\/greengategenomics.com\/wp-content\/uploads\/2024\/04\/Innovation_german-18x10.jpg 18w, https:\/\/greengategenomics.com\/wp-content\/uploads\/2024\/04\/Innovation_german.jpg 1671w\" sizes=\"(max-width: 300px) 100vw, 300px\" \/>\t\t\t\t\t\t\t\t\t\t\t\t\t\t\t<\/div>\n\t\t\t\t<\/div>\n\t\t\t\t<div class=\"elementor-element elementor-element-79ea56d elementor-align-justify elementor-widget__width-initial elementor-widget elementor-widget-button\" data-id=\"79ea56d\" data-element_type=\"widget\" data-e-type=\"widget\" data-widget_type=\"button.default\">\n\t\t\t\t<div class=\"elementor-widget-container\">\n\t\t\t\t\t\t\t\t\t<div class=\"elementor-button-wrapper\">\n\t\t\t\t\t<a class=\"elementor-button elementor-button-link elementor-size-lg\" href=\"https:\/\/test.greengategenomics.com\/wp-content\/uploads\/2024\/04\/Innovation_German.pdf\">\n\t\t\t\t\t\t<span class=\"elementor-button-content-wrapper\">\n\t\t\t\t\t\t\t\t\t<span class=\"elementor-button-text\">Download<\/span>\n\t\t\t\t\t<\/span>\n\t\t\t\t\t<\/a>\n\t\t\t\t<\/div>\n\t\t\t\t\t\t\t\t<\/div>\n\t\t\t\t<\/div>\n\t\t\t\t<\/div>\n\t\t\t\t<\/div>\n\t\t\t\t\t<\/div>\n\t\t\t\t<\/div>\n\t\t\t\t<\/div>","protected":false},"excerpt":{"rendered":"<p>GREENGATE GENOMICS Resources We have compiled some useful resources for you: Our &#8220;Genomic Database Guide&#8221; offers a general overview of publically available genomic data repositories Download Our &#8220;Bioinformatic Analysis Strategy Guide&#8221; provides\u00a0 some insights on what steps are important when planning a project and selecting a bioinformatic anlysis strategy Download Our &#8220;16S rRNA Analysis Quick [&hellip;]<\/p>\n","protected":false},"author":3,"featured_media":0,"parent":0,"menu_order":0,"comment_status":"closed","ping_status":"closed","template":"","meta":{"footnotes":""},"class_list":["post-1703","page","type-page","status-publish","hentry"],"yoast_head":"<!-- This site is optimized with the Yoast SEO plugin v27.3 - https:\/\/yoast.com\/product\/yoast-seo-wordpress\/ -->\n<title>Resources - GreenGate Genomics<\/title>\n<meta name=\"robots\" content=\"index, follow, max-snippet:-1, max-image-preview:large, max-video-preview:-1\" \/>\n<link rel=\"canonical\" href=\"https:\/\/greengategenomics.com\/de\/resources\/\" \/>\n<meta property=\"og:locale\" content=\"de_DE\" \/>\n<meta property=\"og:type\" content=\"article\" \/>\n<meta property=\"og:title\" content=\"Resources - GreenGate Genomics\" \/>\n<meta property=\"og:description\" content=\"GREENGATE GENOMICS Resources We have compiled some useful resources for you: Our &#8220;Genomic Database Guide&#8221; offers a general overview of publically available genomic data repositories Download Our &#8220;Bioinformatic Analysis Strategy Guide&#8221; provides\u00a0 some insights on what steps are important when planning a project and selecting a bioinformatic anlysis strategy Download Our &#8220;16S rRNA Analysis Quick [&hellip;]\" \/>\n<meta property=\"og:url\" content=\"https:\/\/greengategenomics.com\/de\/resources\/\" \/>\n<meta property=\"og:site_name\" content=\"GreenGate Genomics\" \/>\n<meta property=\"article:modified_time\" content=\"2024-04-08T11:16:38+00:00\" \/>\n<meta property=\"og:image\" content=\"https:\/\/test.greengategenomics.com\/wp-content\/uploads\/2024\/03\/Database_Overview_new-177x300.png\" \/>\n<meta name=\"twitter:card\" content=\"summary_large_image\" \/>\n<meta name=\"twitter:label1\" content=\"Gesch\u00e4tzte Lesezeit\" \/>\n\t<meta name=\"twitter:data1\" content=\"2\u00a0Minuten\" \/>\n<script type=\"application\/ld+json\" class=\"yoast-schema-graph\">{\"@context\":\"https:\\\/\\\/schema.org\",\"@graph\":[{\"@type\":\"WebPage\",\"@id\":\"https:\\\/\\\/greengategenomics.com\\\/resources\\\/\",\"url\":\"https:\\\/\\\/greengategenomics.com\\\/resources\\\/\",\"name\":\"Resources - GreenGate Genomics\",\"isPartOf\":{\"@id\":\"https:\\\/\\\/greengategenomics.com\\\/de\\\/#website\"},\"primaryImageOfPage\":{\"@id\":\"https:\\\/\\\/greengategenomics.com\\\/resources\\\/#primaryimage\"},\"image\":{\"@id\":\"https:\\\/\\\/greengategenomics.com\\\/resources\\\/#primaryimage\"},\"thumbnailUrl\":\"https:\\\/\\\/test.greengategenomics.com\\\/wp-content\\\/uploads\\\/2024\\\/03\\\/Database_Overview_new-177x300.png\",\"datePublished\":\"2024-03-11T11:57:38+00:00\",\"dateModified\":\"2024-04-08T11:16:38+00:00\",\"breadcrumb\":{\"@id\":\"https:\\\/\\\/greengategenomics.com\\\/resources\\\/#breadcrumb\"},\"inLanguage\":\"de\",\"potentialAction\":[{\"@type\":\"ReadAction\",\"target\":[\"https:\\\/\\\/greengategenomics.com\\\/resources\\\/\"]}]},{\"@type\":\"ImageObject\",\"inLanguage\":\"de\",\"@id\":\"https:\\\/\\\/greengategenomics.com\\\/resources\\\/#primaryimage\",\"url\":\"https:\\\/\\\/test.greengategenomics.com\\\/wp-content\\\/uploads\\\/2024\\\/03\\\/Database_Overview_new-177x300.png\",\"contentUrl\":\"https:\\\/\\\/test.greengategenomics.com\\\/wp-content\\\/uploads\\\/2024\\\/03\\\/Database_Overview_new-177x300.png\"},{\"@type\":\"BreadcrumbList\",\"@id\":\"https:\\\/\\\/greengategenomics.com\\\/resources\\\/#breadcrumb\",\"itemListElement\":[{\"@type\":\"ListItem\",\"position\":1,\"name\":\"Home\",\"item\":\"https:\\\/\\\/greengategenomics.com\\\/\"},{\"@type\":\"ListItem\",\"position\":2,\"name\":\"Resources\"}]},{\"@type\":\"WebSite\",\"@id\":\"https:\\\/\\\/greengategenomics.com\\\/de\\\/#website\",\"url\":\"https:\\\/\\\/greengategenomics.com\\\/de\\\/\",\"name\":\"GreenGate Genomics\",\"description\":\"Bioinformatic Solutions for Complex Microbiomes\",\"publisher\":{\"@id\":\"https:\\\/\\\/greengategenomics.com\\\/de\\\/#organization\"},\"alternateName\":\"GreenGate\",\"potentialAction\":[{\"@type\":\"SearchAction\",\"target\":{\"@type\":\"EntryPoint\",\"urlTemplate\":\"https:\\\/\\\/greengategenomics.com\\\/de\\\/?s={search_term_string}\"},\"query-input\":{\"@type\":\"PropertyValueSpecification\",\"valueRequired\":true,\"valueName\":\"search_term_string\"}}],\"inLanguage\":\"de\"},{\"@type\":\"Organization\",\"@id\":\"https:\\\/\\\/greengategenomics.com\\\/de\\\/#organization\",\"name\":\"GreenGate Genomics GmbH\",\"alternateName\":\"GreenGate Genomics\",\"url\":\"https:\\\/\\\/greengategenomics.com\\\/de\\\/\",\"logo\":{\"@type\":\"ImageObject\",\"inLanguage\":\"de\",\"@id\":\"https:\\\/\\\/greengategenomics.com\\\/de\\\/#\\\/schema\\\/logo\\\/image\\\/\",\"url\":\"https:\\\/\\\/test.greengategenomics.com\\\/wp-content\\\/uploads\\\/2023\\\/06\\\/logo_greengategenomics_web_rgb.svg\",\"contentUrl\":\"https:\\\/\\\/test.greengategenomics.com\\\/wp-content\\\/uploads\\\/2023\\\/06\\\/logo_greengategenomics_web_rgb.svg\",\"width\":1,\"height\":1,\"caption\":\"GreenGate Genomics GmbH\"},\"image\":{\"@id\":\"https:\\\/\\\/greengategenomics.com\\\/de\\\/#\\\/schema\\\/logo\\\/image\\\/\"},\"sameAs\":[\"https:\\\/\\\/www.linkedin.com\\\/company\\\/greengate-genomics\\\/\"]}]}<\/script>\n<!-- \/ Yoast SEO plugin. -->","yoast_head_json":{"title":"Resources - GreenGate Genomics","robots":{"index":"index","follow":"follow","max-snippet":"max-snippet:-1","max-image-preview":"max-image-preview:large","max-video-preview":"max-video-preview:-1"},"canonical":"https:\/\/greengategenomics.com\/de\/resources\/","og_locale":"de_DE","og_type":"article","og_title":"Resources - GreenGate Genomics","og_description":"GREENGATE GENOMICS Resources We have compiled some useful resources for you: Our &#8220;Genomic Database Guide&#8221; offers a general overview of publically available genomic data repositories Download Our &#8220;Bioinformatic Analysis Strategy Guide&#8221; provides\u00a0 some insights on what steps are important when planning a project and selecting a bioinformatic anlysis strategy Download Our &#8220;16S rRNA Analysis Quick [&hellip;]","og_url":"https:\/\/greengategenomics.com\/de\/resources\/","og_site_name":"GreenGate Genomics","article_modified_time":"2024-04-08T11:16:38+00:00","og_image":[{"url":"https:\/\/test.greengategenomics.com\/wp-content\/uploads\/2024\/03\/Database_Overview_new-177x300.png","type":"","width":"","height":""}],"twitter_card":"summary_large_image","twitter_misc":{"Gesch\u00e4tzte Lesezeit":"2\u00a0Minuten"},"schema":{"@context":"https:\/\/schema.org","@graph":[{"@type":"WebPage","@id":"https:\/\/greengategenomics.com\/resources\/","url":"https:\/\/greengategenomics.com\/resources\/","name":"Resources - GreenGate Genomics","isPartOf":{"@id":"https:\/\/greengategenomics.com\/de\/#website"},"primaryImageOfPage":{"@id":"https:\/\/greengategenomics.com\/resources\/#primaryimage"},"image":{"@id":"https:\/\/greengategenomics.com\/resources\/#primaryimage"},"thumbnailUrl":"https:\/\/test.greengategenomics.com\/wp-content\/uploads\/2024\/03\/Database_Overview_new-177x300.png","datePublished":"2024-03-11T11:57:38+00:00","dateModified":"2024-04-08T11:16:38+00:00","breadcrumb":{"@id":"https:\/\/greengategenomics.com\/resources\/#breadcrumb"},"inLanguage":"de","potentialAction":[{"@type":"ReadAction","target":["https:\/\/greengategenomics.com\/resources\/"]}]},{"@type":"ImageObject","inLanguage":"de","@id":"https:\/\/greengategenomics.com\/resources\/#primaryimage","url":"https:\/\/test.greengategenomics.com\/wp-content\/uploads\/2024\/03\/Database_Overview_new-177x300.png","contentUrl":"https:\/\/test.greengategenomics.com\/wp-content\/uploads\/2024\/03\/Database_Overview_new-177x300.png"},{"@type":"BreadcrumbList","@id":"https:\/\/greengategenomics.com\/resources\/#breadcrumb","itemListElement":[{"@type":"ListItem","position":1,"name":"Home","item":"https:\/\/greengategenomics.com\/"},{"@type":"ListItem","position":2,"name":"Resources"}]},{"@type":"WebSite","@id":"https:\/\/greengategenomics.com\/de\/#website","url":"https:\/\/greengategenomics.com\/de\/","name":"GreenGate Genomics","description":"Bioinformatic Solutions for Complex Microbiomes","publisher":{"@id":"https:\/\/greengategenomics.com\/de\/#organization"},"alternateName":"GreenGate","potentialAction":[{"@type":"SearchAction","target":{"@type":"EntryPoint","urlTemplate":"https:\/\/greengategenomics.com\/de\/?s={search_term_string}"},"query-input":{"@type":"PropertyValueSpecification","valueRequired":true,"valueName":"search_term_string"}}],"inLanguage":"de"},{"@type":"Organization","@id":"https:\/\/greengategenomics.com\/de\/#organization","name":"GreenGate Genomics GmbH","alternateName":"GreenGate Genomics","url":"https:\/\/greengategenomics.com\/de\/","logo":{"@type":"ImageObject","inLanguage":"de","@id":"https:\/\/greengategenomics.com\/de\/#\/schema\/logo\/image\/","url":"https:\/\/test.greengategenomics.com\/wp-content\/uploads\/2023\/06\/logo_greengategenomics_web_rgb.svg","contentUrl":"https:\/\/test.greengategenomics.com\/wp-content\/uploads\/2023\/06\/logo_greengategenomics_web_rgb.svg","width":1,"height":1,"caption":"GreenGate Genomics GmbH"},"image":{"@id":"https:\/\/greengategenomics.com\/de\/#\/schema\/logo\/image\/"},"sameAs":["https:\/\/www.linkedin.com\/company\/greengate-genomics\/"]}]}},"_links":{"self":[{"href":"https:\/\/greengategenomics.com\/de\/wp-json\/wp\/v2\/pages\/1703","targetHints":{"allow":["GET"]}}],"collection":[{"href":"https:\/\/greengategenomics.com\/de\/wp-json\/wp\/v2\/pages"}],"about":[{"href":"https:\/\/greengategenomics.com\/de\/wp-json\/wp\/v2\/types\/page"}],"author":[{"embeddable":true,"href":"https:\/\/greengategenomics.com\/de\/wp-json\/wp\/v2\/users\/3"}],"replies":[{"embeddable":true,"href":"https:\/\/greengategenomics.com\/de\/wp-json\/wp\/v2\/comments?post=1703"}],"version-history":[{"count":41,"href":"https:\/\/greengategenomics.com\/de\/wp-json\/wp\/v2\/pages\/1703\/revisions"}],"predecessor-version":[{"id":1894,"href":"https:\/\/greengategenomics.com\/de\/wp-json\/wp\/v2\/pages\/1703\/revisions\/1894"}],"wp:attachment":[{"href":"https:\/\/greengategenomics.com\/de\/wp-json\/wp\/v2\/media?parent=1703"}],"curies":[{"name":"wp","href":"https:\/\/api.w.org\/{rel}","templated":true}]}}